{"id":21,"date":"2022-03-14T12:04:09","date_gmt":"2022-03-14T11:04:09","guid":{"rendered":"http:\/\/soprintendenzaluccaemassacarrara.cultura.gov.it\/?page_id=21"},"modified":"2025-08-08T13:11:07","modified_gmt":"2025-08-08T11:11:07","slug":"chi-siamo","status":"publish","type":"page","link":"https:\/\/soprintendenzaluccaemassacarrara.cultura.gov.it\/?page_id=21","title":{"rendered":"Chi siamo"},"content":{"rendered":"<div id=\"leftSidebar\"><img loading=\"lazy\" decoding=\"async\" class=\"aligncenter wp-image-509\" src=\"http:\/\/soprintendenzaluccaemassacarrara.cultura.gov.it\/wp-content\/uploads\/2022\/06\/Legato-Barsotti-06-ridotta_1-300x211.jpg\" alt=\"\" width=\"600\" height=\"422\" srcset=\"https:\/\/soprintendenzaluccaemassacarrara.cultura.gov.it\/wp-content\/uploads\/2022\/06\/Legato-Barsotti-06-ridotta_1-300x211.jpg 300w, https:\/\/soprintendenzaluccaemassacarrara.cultura.gov.it\/wp-content\/uploads\/2022\/06\/Legato-Barsotti-06-ridotta_1-1024x721.jpg 1024w, https:\/\/soprintendenzaluccaemassacarrara.cultura.gov.it\/wp-content\/uploads\/2022\/06\/Legato-Barsotti-06-ridotta_1-768x541.jpg 768w, https:\/\/soprintendenzaluccaemassacarrara.cultura.gov.it\/wp-content\/uploads\/2022\/06\/Legato-Barsotti-06-ridotta_1-1536x1081.jpg 1536w, https:\/\/soprintendenzaluccaemassacarrara.cultura.gov.it\/wp-content\/uploads\/2022\/06\/Legato-Barsotti-06-ridotta_1-2048x1442.jpg 2048w\" sizes=\"auto, (max-width: 600px) 100vw, 600px\" \/><\/div>\n<div id=\"content\">\n<div id=\"internalWrap\">\n<h2>La Soprintendenza<\/h2>\n<div class=\"innerblocks-wrap\">\n<div id=\"wp-block-themeisle-blocks-advanced-column-106fd37b\" class=\"wp-block-themeisle-blocks-advanced-column\"><\/div>\n<\/div>\n<p>La Soprintendenza Archeologia Belle Arti e il Paesaggio per le province di Lucca, Massa Carrara e Pistoia \u00e8 un organo periferico del Ministero cui \u00e8 delegata, nell&#8217;ambito del territorio di competenza, l&#8217;attivit\u00e0 di tutela, conservazione e valorizzazione sul paesaggio, sul patrimonio architettonico (edifici civili e sacri, centri storici, antichi tracciati viari, ecc.) e sui beni mobili ed etnoantropologici, di interesse storico artistico (collezioni, dipinti, apparati decorativi, arredi, ecc.) di propriet\u00e0 dello Stato, delle regioni, di altri enti pubblici territoriali, nonch\u00e9 di ogni altro ente e istituto pubblico o appartenenti a persone giuridiche private senza fine di lucro, ai sensi del Codice dei Beni Culturali e del Paesaggio (D.Lgs. 42\/2004), in un confronto costante con i soggetti istituzionali pubblici. Nell&#8217;ambito di quanto previsto dallo stesso Codice, la Soprintendenza svolge inoltre attivit\u00e0 di controllo e vigilanza sui beni culturali di propriet\u00e0 privata riconosciuti di interesse artistico o storico, provvedendo ad esempio all&#8217;approvazione dei progetti di restauro ad essi relativi.<\/p>\n<p>La Soprintendenza predispone anche progetti ed interventi di restauro e di valorizzazione con finanziamenti del Ministero per i Beni e le Attivit\u00e0 Culturali, sui beni demaniali in consegna diretta e su beni in uso o godimento pubblico appartenenti ad enti e istituti legalmente riconosciuti.<br \/>\nIn quanto istituzione periferica del Ministero, la Soprintendenza \u00e8 un&#8217;unit\u00e0 radicata nel territorio ed esplica la propria azione di tutela sul bene culturale attraverso gli strumenti giuridici, quali le ispezioni, l&#8217;adozione di misure atte ad evitarne il degrado, nonch\u00e9 mediante l&#8217;attivit\u00e0 di ricerca scientifica e l&#8217;individuazione e catalogazione di beni.<\/p>\n<p>La gamma di attivit\u00e0 della Soprintendenza abbraccia numerosi aspetti: dalla catalogazione, quale strumento di tutela basilare per la conoscenza e la conservazione del patrimonio, alla notifica di dichiarazione di interesse culturale, all&#8217;approvazione di progetti di restauro, agli interventi conservativi effettuati con fondi statali, all&#8217;alta sorveglianza su interventi di conservazione e di restauro di beni di propriet\u00e0 pubblica o privata, dichiarati di interesse culturale. Rientra tra i compiti della Soprintendenza, ai sensi del Codice dei Beni Culturali e del Paesaggio, anche la valorizzazione, effettuata sia tramite l&#8217;attivit\u00e0 del Servizio Educativo con interventi rivolti alla valorizzazione del bene culturale come fattore di crescita del Paese, e all&#8217;educazione al patrimonio artistico come momento formativo nella crescita dell&#8217;individuo, sia attraverso la promozione di iniziative espositive, pubblicazioni, presentazione di restauri, convegni ed eventi culturali.<\/p>\n<\/div>\n<\/div>\n<p><em>\u00a0<\/em><\/p>\n","protected":false},"excerpt":{"rendered":"<p>La Soprintendenza La Soprintendenza Archeologia Belle Arti e il Paesaggio per le province di Lucca, Massa Carrara e Pistoia \u00e8 un organo periferico del Ministero cui \u00e8 delegata, nell&#8217;ambito del territorio di competenza, l&#8217;attivit\u00e0 di tutela, conservazione e valorizzazione sul paesaggio, sul patrimonio architettonico (edifici civili e sacri, centri storici, antichi tracciati viari, ecc.<\/p>\n","protected":false},"author":1,"featured_media":0,"parent":0,"menu_order":0,"comment_status":"closed","ping_status":"closed","template":"","meta":{"iawp_total_views":4701,"footnotes":""},"tags":[],"class_list":["post-21","page","type-page","status-publish","hentry"],"_links":{"self":[{"href":"https:\/\/soprintendenzaluccaemassacarrara.cultura.gov.it\/index.php?rest_route=\/wp\/v2\/pages\/21","targetHints":{"allow":["GET"]}}],"collection":[{"href":"https:\/\/soprintendenzaluccaemassacarrara.cultura.gov.it\/index.php?rest_route=\/wp\/v2\/pages"}],"about":[{"href":"https:\/\/soprintendenzaluccaemassacarrara.cultura.gov.it\/index.php?rest_route=\/wp\/v2\/types\/page"}],"author":[{"embeddable":true,"href":"https:\/\/soprintendenzaluccaemassacarrara.cultura.gov.it\/index.php?rest_route=\/wp\/v2\/users\/1"}],"replies":[{"embeddable":true,"href":"https:\/\/soprintendenzaluccaemassacarrara.cultura.gov.it\/index.php?rest_route=%2Fwp%2Fv2%2Fcomments&post=21"}],"version-history":[{"count":8,"href":"https:\/\/soprintendenzaluccaemassacarrara.cultura.gov.it\/index.php?rest_route=\/wp\/v2\/pages\/21\/revisions"}],"predecessor-version":[{"id":1579,"href":"https:\/\/soprintendenzaluccaemassacarrara.cultura.gov.it\/index.php?rest_route=\/wp\/v2\/pages\/21\/revisions\/1579"}],"wp:attachment":[{"href":"https:\/\/soprintendenzaluccaemassacarrara.cultura.gov.it\/index.php?rest_route=%2Fwp%2Fv2%2Fmedia&parent=21"}],"wp:term":[{"taxonomy":"post_tag","embeddable":true,"href":"https:\/\/soprintendenzaluccaemassacarrara.cultura.gov.it\/index.php?rest_route=%2Fwp%2Fv2%2Ftags&post=21"}],"curies":[{"name":"wp","href":"https:\/\/api.w.org\/{rel}","templated":true}]}}