{"id":223,"date":"2022-03-24T09:20:57","date_gmt":"2022-03-24T08:20:57","guid":{"rendered":"http:\/\/soprintendenzaluccaemassacarrara.cultura.gov.it\/?page_id=223"},"modified":"2022-06-14T14:42:58","modified_gmt":"2022-06-14T12:42:58","slug":"architettura-e-paesaggio","status":"publish","type":"page","link":"https:\/\/soprintendenzaluccaemassacarrara.cultura.gov.it\/?page_id=223","title":{"rendered":"Architettura"},"content":{"rendered":"<p><img loading=\"lazy\" decoding=\"async\" class=\"wp-image-521 aligncenter\" src=\"http:\/\/soprintendenzaluccaemassacarrara.cultura.gov.it\/wp-content\/uploads\/2022\/06\/MG_1943-300x200.jpg\" alt=\"\" width=\"800\" height=\"533\" srcset=\"https:\/\/soprintendenzaluccaemassacarrara.cultura.gov.it\/wp-content\/uploads\/2022\/06\/MG_1943-300x200.jpg 300w, https:\/\/soprintendenzaluccaemassacarrara.cultura.gov.it\/wp-content\/uploads\/2022\/06\/MG_1943-1024x683.jpg 1024w, https:\/\/soprintendenzaluccaemassacarrara.cultura.gov.it\/wp-content\/uploads\/2022\/06\/MG_1943-768x512.jpg 768w, https:\/\/soprintendenzaluccaemassacarrara.cultura.gov.it\/wp-content\/uploads\/2022\/06\/MG_1943.jpg 1068w\" sizes=\"auto, (max-width: 800px) 100vw, 800px\" \/><\/p>\n<p><em><strong>Per la tutela del patrimonio architettonico<\/strong><\/em>, un passo fondamentale \u00e8 quello di individuare e riconoscere le architetture che possiedono un valore culturale. Ci\u00f2 avviene tramite i procedimenti di verifica dell\u2019interesse culturale e di dichiarazione dell\u2019interesse culturale, che si concludono con un provvedimento espresso di tutela. I beni oggetto di tutela possono essere di propriet\u00e0 pubblica o privata.<\/p>\n<p><strong>Quando un\u2019architettura \u00e8 un bene culturale<\/strong> \u2013 perch\u00e9 oggetto di un provvedimento espresso di tutela, oppure perch\u00e9 di propriet\u00e0 pubblica o di persone giuridiche private senza fini di lucro, ivi compresi gli enti ecclesiastici civilmente riconosciuti, ed eseguita da oltre settant\u2019anni \u2013 <strong>tutti i lavori che la interessano devono essere valutati dalla Soprintendenza, che rilascia l\u2019autorizzazione<\/strong>. Con questo procedimento, la Soprintendenza verifica che gli interventi siano congrui con la conservazione dei valori culturali dell\u2019edificio.<\/p>\n<p>Nella tutela dei beni architettonici <strong>il miglioramento sismico e l\u2019efficientamento energetico<\/strong> hanno acquisito via via maggiore importanza, perch\u00e9 concorrono a garantire la sicurezza del patrimonio culturale e la sua migliore fruizione.<\/p>\n<p>In presenza di un bene culturale, la Soprintendenza pu\u00f2 valutare di introdurre una tutela indiretta sulle aree ad esso adiacenti, per preservarne il decoro e la godibilit\u00e0.<\/p>\n<p>La Soprintendenza inoltre rilascia le autorizzazioni all\u2019uso degli spazi pubblici di interesse storico artistico ed esprime il proprio parere in merito alla denominazione di piazze, vie e spazi urbani, tramite i procedimenti relativi alla toponomastica.<\/p>\n<p>Una fondamentale attivit\u00e0 della Soprintendenza consiste nell\u2019<strong>avviare cantieri di restauro su beni di propriet\u00e0 pubblica<\/strong>, finanziati tramite la programmazione triennale degli interventi oppure tramite specifiche risorse destinate ai beni culturali.<\/p>\n<p>L\u2019 attivit\u00e0 di tutela che la Soprintendenza compie sul patrimonio architettonico offre l\u2019occasione per approfondire la conoscenza dei beni culturali e progredire nella ricerca sui temi del restauro, e i risultati raggiunti in questo ambito vengono condivisi con la comunit\u00e0 scientifica tramite la pubblicazione degli esiti pi\u00f9 rilevanti.<\/p>\n<div class=\"wp-block-column\">\n<p>&nbsp;<\/p>\n<\/div>\n","protected":false},"excerpt":{"rendered":"<p>Per la tutela del patrimonio architettonico, un passo fondamentale \u00e8 quello di individuare e riconoscere le architetture che possiedono un valore culturale.<\/p>\n","protected":false},"author":1,"featured_media":0,"parent":24,"menu_order":0,"comment_status":"closed","ping_status":"closed","template":"","meta":{"iawp_total_views":486,"footnotes":""},"tags":[],"class_list":["post-223","page","type-page","status-publish","hentry"],"_links":{"self":[{"href":"https:\/\/soprintendenzaluccaemassacarrara.cultura.gov.it\/index.php?rest_route=\/wp\/v2\/pages\/223","targetHints":{"allow":["GET"]}}],"collection":[{"href":"https:\/\/soprintendenzaluccaemassacarrara.cultura.gov.it\/index.php?rest_route=\/wp\/v2\/pages"}],"about":[{"href":"https:\/\/soprintendenzaluccaemassacarrara.cultura.gov.it\/index.php?rest_route=\/wp\/v2\/types\/page"}],"author":[{"embeddable":true,"href":"https:\/\/soprintendenzaluccaemassacarrara.cultura.gov.it\/index.php?rest_route=\/wp\/v2\/users\/1"}],"replies":[{"embeddable":true,"href":"https:\/\/soprintendenzaluccaemassacarrara.cultura.gov.it\/index.php?rest_route=%2Fwp%2Fv2%2Fcomments&post=223"}],"version-history":[{"count":13,"href":"https:\/\/soprintendenzaluccaemassacarrara.cultura.gov.it\/index.php?rest_route=\/wp\/v2\/pages\/223\/revisions"}],"predecessor-version":[{"id":523,"href":"https:\/\/soprintendenzaluccaemassacarrara.cultura.gov.it\/index.php?rest_route=\/wp\/v2\/pages\/223\/revisions\/523"}],"up":[{"embeddable":true,"href":"https:\/\/soprintendenzaluccaemassacarrara.cultura.gov.it\/index.php?rest_route=\/wp\/v2\/pages\/24"}],"wp:attachment":[{"href":"https:\/\/soprintendenzaluccaemassacarrara.cultura.gov.it\/index.php?rest_route=%2Fwp%2Fv2%2Fmedia&parent=223"}],"wp:term":[{"taxonomy":"post_tag","embeddable":true,"href":"https:\/\/soprintendenzaluccaemassacarrara.cultura.gov.it\/index.php?rest_route=%2Fwp%2Fv2%2Ftags&post=223"}],"curies":[{"name":"wp","href":"https:\/\/api.w.org\/{rel}","templated":true}]}}