{"id":246,"date":"2022-03-29T08:24:38","date_gmt":"2022-03-29T06:24:38","guid":{"rendered":"http:\/\/soprintendenzaluccaemassacarrara.cultura.gov.it\/?page_id=246"},"modified":"2022-06-14T14:48:56","modified_gmt":"2022-06-14T12:48:56","slug":"paesaggio","status":"publish","type":"page","link":"https:\/\/soprintendenzaluccaemassacarrara.cultura.gov.it\/?page_id=246","title":{"rendered":"Educazione e ricerca"},"content":{"rendered":"<p>&nbsp;<\/p>\n<p data-wp-editing=\"1\"><img loading=\"lazy\" decoding=\"async\" class=\"aligncenter wp-image-451\" src=\"http:\/\/soprintendenzaluccaemassacarrara.cultura.gov.it\/wp-content\/uploads\/2022\/05\/Ferrovia_Marmifera_di_Carrara_-_Stazione_di_Carrara_Monterosso-1-300x188.jpg\" alt=\"\" width=\"800\" height=\"502\" srcset=\"https:\/\/soprintendenzaluccaemassacarrara.cultura.gov.it\/wp-content\/uploads\/2022\/05\/Ferrovia_Marmifera_di_Carrara_-_Stazione_di_Carrara_Monterosso-1-300x188.jpg 300w, https:\/\/soprintendenzaluccaemassacarrara.cultura.gov.it\/wp-content\/uploads\/2022\/05\/Ferrovia_Marmifera_di_Carrara_-_Stazione_di_Carrara_Monterosso-1.jpg 640w\" sizes=\"auto, (max-width: 800px) 100vw, 800px\" \/><\/p>\n<p>Tra i compiti istituzionali della Soprintendenza ve ne sono alcuni che rientrano nell\u2019area funzionale <em><strong>Educazione e ricerca<\/strong><\/em>. Possiamo raggruppare queste attivit\u00e0 in tre macroambiti:<\/p>\n<ul>\n<li><strong>inventariazione e catalogazione<\/strong> del patrimonio culturale mobile e immobile del territorio di propria competenza, ovvero dei beni archeologici, architettonici e paesaggistici, storico artistici e demoetnoantropologici. Queste attivit\u00e0 vengono condotte, secondo gli standard definiti dall\u2019Istituto centrale per il catalogo e la documentazione (ICCD), sulla piattaforma SIGECweb (Sistema Informativo Generale del Catalogo), che gestisce l\u2019intero flusso della catalogazione;<\/li>\n<li><strong>ricerca sui beni culturali e paesaggistici<\/strong>. Si tratta di attivit\u00e0 trasversali, in generale propedeutiche o comunque strettamente integrate alle attivit\u00e0 di restauro e di tutela e svolte spesso in collaborazione con universit\u00e0 ed enti di ricerca o per iniziativa della Direzione Generale Archeologia Belle Arti e Paesaggio;<\/li>\n<li><strong>attivit\u00e0 educative e divulgative.<\/strong> In questo ambito rientrano progetti e attivit\u00e0 didattiche con le scuole, nonch\u00e9 l\u2019attivazione sistematica, regolata da convenzioni con diverse universit\u00e0, di tirocini formativi curriculari di studenti e specializzandi. I tirocini interessano tutti gli ambiti di attivit\u00e0 della Soprintendenza.<\/li>\n<\/ul>\n<p>&nbsp;<\/p>\n","protected":false},"excerpt":{"rendered":"<p>&nbsp; Tra i compiti istituzionali della Soprintendenza ve ne sono alcuni che rientrano nell\u2019area funzionale Educazione e ricerca.<\/p>\n","protected":false},"author":1,"featured_media":0,"parent":24,"menu_order":0,"comment_status":"closed","ping_status":"closed","template":"","meta":{"iawp_total_views":145,"footnotes":""},"tags":[],"class_list":["post-246","page","type-page","status-publish","hentry"],"_links":{"self":[{"href":"https:\/\/soprintendenzaluccaemassacarrara.cultura.gov.it\/index.php?rest_route=\/wp\/v2\/pages\/246","targetHints":{"allow":["GET"]}}],"collection":[{"href":"https:\/\/soprintendenzaluccaemassacarrara.cultura.gov.it\/index.php?rest_route=\/wp\/v2\/pages"}],"about":[{"href":"https:\/\/soprintendenzaluccaemassacarrara.cultura.gov.it\/index.php?rest_route=\/wp\/v2\/types\/page"}],"author":[{"embeddable":true,"href":"https:\/\/soprintendenzaluccaemassacarrara.cultura.gov.it\/index.php?rest_route=\/wp\/v2\/users\/1"}],"replies":[{"embeddable":true,"href":"https:\/\/soprintendenzaluccaemassacarrara.cultura.gov.it\/index.php?rest_route=%2Fwp%2Fv2%2Fcomments&post=246"}],"version-history":[{"count":8,"href":"https:\/\/soprintendenzaluccaemassacarrara.cultura.gov.it\/index.php?rest_route=\/wp\/v2\/pages\/246\/revisions"}],"predecessor-version":[{"id":527,"href":"https:\/\/soprintendenzaluccaemassacarrara.cultura.gov.it\/index.php?rest_route=\/wp\/v2\/pages\/246\/revisions\/527"}],"up":[{"embeddable":true,"href":"https:\/\/soprintendenzaluccaemassacarrara.cultura.gov.it\/index.php?rest_route=\/wp\/v2\/pages\/24"}],"wp:attachment":[{"href":"https:\/\/soprintendenzaluccaemassacarrara.cultura.gov.it\/index.php?rest_route=%2Fwp%2Fv2%2Fmedia&parent=246"}],"wp:term":[{"taxonomy":"post_tag","embeddable":true,"href":"https:\/\/soprintendenzaluccaemassacarrara.cultura.gov.it\/index.php?rest_route=%2Fwp%2Fv2%2Ftags&post=246"}],"curies":[{"name":"wp","href":"https:\/\/api.w.org\/{rel}","templated":true}]}}