{"id":260,"date":"2022-03-29T09:27:58","date_gmt":"2022-03-29T07:27:58","guid":{"rendered":"http:\/\/soprintendenzaluccaemassacarrara.cultura.gov.it\/?page_id=260"},"modified":"2025-09-04T16:01:32","modified_gmt":"2025-09-04T14:01:32","slug":"autorizzazione","status":"publish","type":"page","link":"https:\/\/soprintendenzaluccaemassacarrara.cultura.gov.it\/?page_id=260","title":{"rendered":"Autorizzazione per opere e lavori di qualunque genere sui beni culturali"},"content":{"rendered":"<h4>Autorizzazione per lavori su beni mobili e immobili<\/h4>\n<p>Il Codice demanda alla Soprintendenza il rilascio dell&#8217;autorizzazione per l&#8217;esecuzione di opere e lavori di qualsiasi genere sui beni culturali (<a href=\"http:\/\/www.normattiva.it\/uri-res\/N2Ls?urn:nir:stato:decreto.legislativo:2004-01-22;42!vig=2022-03-29\">art. 21, c.4<\/a>) previa presentazione, da parte dell&#8217;interessato, di un progetto o di una descrizione tecnica delle attivit\u00e0 proposte (<a href=\"http:\/\/www.normattiva.it\/uri-res\/N2Ls?urn:nir:stato:decreto.legislativo:2004-01-22;42!vig=2022-03-29\">art. 21. c. 5<\/a>).<\/p>\n<p>L&#8217;istruttoria tecnico amministrativa \u00e8 affidata ai <a href=\"http:\/\/soprintendenzaluccaemassacarrara.cultura.gov.it\/?page_id=184\">funzionari responsabili per territorio<\/a><\/p>\n<hr id=\"null\" \/>\n<p><strong>Documentazione necessaria per l&#8217;autorizzazione all&#8217;esecuzione di lavori su immobili di interesse storico-artistico (<a href=\"http:\/\/www.normattiva.it\/uri-res\/N2Ls?urn:nir:stato:decreto.legislativo:2004-01-22;42!vig=2022-03-29\">artt. 21 e 22<\/a> del Codice dei Beni Culturali e del Paesaggio, D.Lgs 42\/2004)<\/strong><\/p>\n<p><strong>Si comunica che le pratiche non complete non saranno accettate, pertanto:<\/strong><\/p>\n<ul>\n<li><strong>L&#8217;istanza deve essere indirizzata alla Soprintendenza Archeologia, Belle Arti e Paesaggio per le province di Lucca, Massa Carrara e Pistoia, Piazza della Magione &#8211; 55100 LUCCA; alla domanda dovr\u00e0 essere allegato il progetto in tre copie se spedito per posta o in un&#8217;unica copia se inviato per pec<br \/>\n<\/strong><\/li>\n<li><strong>In caso di presentazione da parte di privati proprietari \u00e8 necessario allegare una marca da bollo da \u20ac16 o, se inviato per pec, il <a href=\"http:\/\/soprintendenzaluccaemassacarrara.cultura.gov.it\/wp-content\/uploads\/2022\/03\/modulo-assolvimento-imposta-di-bollo.pdf\">modulo assolvimento imposta di bollo<\/a>. <\/strong><\/li>\n<li><strong><span style=\"color: #000000;\">Il progetto dovr\u00e0 essere firmato da un Architetto indicando gli estremi del progettista e direttore dei lavori (il progettista dovr\u00e0 essere regolarmente iscritto ad un Albo professionale e abilitato al tipo di intervento proposto compatibilmente con la normativa che regola l&#8217;esercizio e le competenze professionali, <a style=\"color: #000000;\" href=\"http:\/\/www.normattiva.it\/uri-res\/N2Ls?urn:nir:stato:regio.decreto:1925-10-23;2537!vig=2022-04-01\">art. 52 del R.D. n. 2537\/1925<\/a> e determinazione dell&#8217;autorit\u00e0 per la vigilanza sui lavori pubblici)<\/span><br \/>\n<\/strong><\/li>\n<li>\u00a0<strong>Non saranno prese in considerazione istanze inviate tramite siti che offrono servizi di storage esterni a cui non possono accedere gli uffici di questa amministrazione (come da circ. n. 10 della Direzione Generale Organizzazione del 15\/01\/2019)<\/strong><\/li>\n<\/ul>\n<p><strong>\u00a0Nella domanda dovranno essere chiaramente indicati:<\/strong><\/p>\n<ol>\n<li>\u2022\u00a0comune, localit\u00e0, via e numero civico, foglio catastale, particella\/e e subalterni dell&#8217;immobile oggetto dell&#8217;intervento;<\/li>\n<li>\u2022\u00a0denominazione del bene;<\/li>\n<li>\u2022\u00a0\u00a0tipo propriet\u00e0 (privata, ente, condominiale, ecc.) ed estremi della propriet\u00e0 stessa (per enti e societ\u00e0 dovranno essere forniti, oltre agli estremi ad essa riferiti, anche quelli del legale rappresentante; nel caso i lavori interessino pi\u00f9 propriet\u00e0 (multipropriet\u00e0, condomini, ecc.) dovr\u00e0 essere allegato l&#8217;elenco completo dei proprietari con i relativi estremi, ed anche quelli di un eventuale amministratore delegato, con copia della delega stessa;<\/li>\n<li>\u2022 nel caso in cui la propriet\u00e0 sia ecclesiastica, \u00e8 indispensabile che la domanda sia trasmessa attraverso il Vescovo diocesano competente per il territorio o il delegato diocesano, cos\u00ec come stabilito dall&#8217;art. 5 c. 1 dell&#8217;Intesa fra CEI e Ministero B.A.C. (convenzione stipulata il 26.01.2005 e pubblicata sulla Gazzetta Ufficiale n. 103 del 26.01.2005);<\/li>\n<li>\u2022 nel caso di Beni Culturali di interesse religioso appartenenti ad istituti di vita consacrata, societ\u00e0 di vita apostolica e loro articolazioni, le richieste di autorizzazione devono essere anch&#8217;esse inoltrate\u00a0 per il tramite del vescovo diocesano territorialmente competente (art. 5 c. 2 dell&#8217;Intesa fra CEI e MiC convenzione stipulata il 26.01.2005 e pubblicata sulla Gazzetta Ufficiale n. 103 del 26.01.2005)<\/li>\n<li>\u2022 nel caso l&#8217;immobile sia di propriet\u00e0 privata la domanda dovr\u00e0 contenere gli estremi del D.M. con cui l&#8217;immobile \u00e8 stato dichiarato di interesse storico-artistico ai sensi del <a href=\"http:\/\/www.normattiva.it\/uri-res\/N2Ls?urn:nir:stato:decreto.legislativo:2004-01-22;42!vig=2022-04-01\">D.Lgs 42\/2004<\/a> e della L. n. 1089\/1939 (si suggerisce di allegare fotocopie del decreto o della notifica).<\/li>\n<li>\u2022 tipo dell&#8217;intervento proposto<\/li>\n<li>\u2022 planimetria generale estratta dal foglio catastale, con la chiara indicazione grafica dell&#8217;immobile;<\/li>\n<li>\u2022 qualora l&#8217;intervento sia riferito ad una porzione dell&#8217;edificio, dovr\u00e0 essere allegata una planimetria generale dell&#8217;edificio stesso o del complesso di appartenenza, con chiara indicazione della localizzazione della porzione oggetto di intervento, rappresentata completa di tutti i muri d&#8217;ambito, indicati con lo spessore reale;<\/li>\n<li>\u2022 planimetrie, sezioni e prospetti o comunque elaborati che consentano una chiara lettura dell&#8217;intervento, redatti in scala adeguata, con indicazione dello stato attuale (con proiezione ortogonale delle volte e dei soffitti), dello stato sovrapposto e dello stato di progetto; le quote nelle planimetrie ed il taglio delle sezioni dovranno essere tali da presentare con chiarezza gli interventi proposti;<\/li>\n<li>\u2022 relazione tecnica con dettagliata descrizione delle metodologie d&#8217;intervento, articolata secondo le varie categorie dei lavori, con l&#8217;indicazione dei tempi presumibili di realizzazione;<\/li>\n<li>\u2022 nel caso che l&#8217;intervento riguardi anche superfici decorate di beni architettonici, schede tecniche relative all&#8217;analisi dello stato di conservazione e metodologia di intervento redatte da restauratore in possesso dei requisiti previsti dalla normativa vigente;<\/li>\n<li>\u2022 relazione storica con notizie riguardanti l&#8217;epoca di costruzione dell&#8217;immobile, eventuali trasformazioni o restauri ecc., con particolare riferimento alle porzioni interessate dall&#8217;intervento proposto;<\/li>\n<li>\u2022 documentazione fotografica dello stato attuale (n. 1 originale e n. 2 copia) che illustri in particolare la zona di intervento; nel caso di foto digitali dovr\u00e0 essere consegnato CD in formato jpg o tif e allegato n. 1 esemplare stampato su carta fotografica.<\/li>\n<li>\u2022 documentazione delle eventuali indagini conoscitive e diagnostiche finalizzate all&#8217;intervento proposto e preventivamente autorizzate da questa Soprintendenza;<\/li>\n<li>\u2022 autocertificazione sottoscritta dal proprietario (allegando copia di un documento d&#8217;identit\u00e0 del firmatario ai sensi del <a href=\"http:\/\/www.normattiva.it\/uri-res\/N2Ls?urn:nir:stato:decreto.del.presidente.della.repubblica:2000-12-28;445\">D.P.R. n. 445 del 28\/12\/2000<\/a>) in duplice copia, che non sono stati eseguiti lavori non autorizzati o che \u00e8 stata presentata istanza di condono<strong>. <\/strong><\/li>\n<\/ol>\n<p>Tutti gli elaborati sopra elencati, comprese le fotografie, nonch\u00e9 la domanda, dovranno essere datati e firmati dal proprietario e dal progettista.<\/p>\n<p>In caso di beni di propriet\u00e0 comunale, gli elaborati sopraccitati potranno essere presentati in due sole copie. In caso di beni di propriet\u00e0 di Enti Locali gli elaborati dovranno essere firmati, oltre che da un professionista abilitato, anche dal Dirigente responsabile del Settore o Ufficio che presenta l&#8217;istanza (<a href=\"http:\/\/www.normattiva.it\/uri-res\/N2Ls?urn:nir:stato:decreto.legislativo:2000-08-18;267!vig=2022-04-01\">art. 107 del D.Lgs 267\/2000<\/a>, Testo Unico delle leggi sull&#8217;ordinamento degli Enti Locali).<\/p>\n<p>Si precisa che, ai sensi dell&#8217;<a href=\"http:\/\/www.normattiva.it\/uri-res\/N2Ls?urn:nir:stato:decreto.legislativo:2006-03-24;156!vig=2022-04-01\">art. 2 del D.L. 156 del 24 marzo 2006<\/a>, &#8220;se i lavori non iniziano entro cinque anni dal rilascio dell&#8217;autorizzazione, il Soprintendente pu\u00f2 dettare prescrizioni ovvero integrare o variare quelle gi\u00e0 date in relazione al mutare delle tecniche di conservazione&#8221;. Da ci\u00f2 consegue l&#8217;obbligo da parte della propriet\u00e0 di comunicare alla Soprintendenza la data di avvio dei lavori fatti oggetto di autorizzazione, facendo riferimento alla data della stessa.<\/p>\n<p>Si precisa inoltre che, qualora l&#8217;istanza presentata non risultasse completa, la Soprintendenza si riserva di richiedere la documentazione mancante, mantenendo peraltro la possibilit\u00e0 di chiedere integrazioni in fase istruttoria.<\/p>\n<p>E&#8217;\u00a0compito della D.L. presentare a conclusione dell&#8217;intervento la relazione finale e la documentazione grafica e fotografica che dia conto dei risultati dell&#8217;intervento.<\/p>\n<p>Qualora la propriet\u00e0 intenda accedere a contributi statali, anche al fine di conoscerne la relativa ammissibilit\u00e0, dovr\u00e0 farne richiesta contestualmente alla domanda di autorizzazione come previsto dall&#8217;<a href=\"http:\/\/www.normattiva.it\/uri-res\/N2Ls?urn:nir:stato:decreto.legislativo:2004-01-22;42!vig=2022-04-01\">art. 35 del D.Lgs 42\/2004<\/a> ed allegare il computo metrico estimativo con l&#8217;importo totale dei lavori, dichiarando se intenda accedere a detti finanziamenti in un&#8217;unica soluzione o per successivi stati d&#8217;avanzamento.<\/p>\n<p>L&#8217;ammissibilit\u00e0 al contributo statale \u00e8 subordinata alla verifica di interesse; si suggerisce pertanto che gi\u00e0 in sede di richiesta di contributo il titolare del bene provveda ad inoltrare la richiesta di accertamento dell&#8217;interesse storico artistico al <a href=\"https:\/\/www.toscana.beniculturali.it\/\">Segretariato Regionale per la Toscana<\/a>, al fine di velocizzare le procedure. Nel caso di Beni Ecclesiastici la richiesta deve essere inoltrata dal titolare per il tramite dell&#8217;ufficio Diocesano competente.<\/p>\n<p>Qualora la propriet\u00e0 intenda utilizzare risorse provenienti da erogazioni liberali dovr\u00e0 presentare alla Soprintendenza, per l&#8217;approvazione, la previsione di spesa inerente le attivit\u00e0 finanziate.<\/p>\n<p>&nbsp;<\/p>\n<hr \/>\n<p>Modulistica<\/p>\n<ul>\n<li><a href=\"http:\/\/soprintendenzaluccaemassacarrara.cultura.gov.it\/wp-content\/uploads\/2022\/03\/Richiesta-autorizzazione-art.-21.pdf\">Richiesta autorizzazione art. 21<\/a>\u00a0 (<a href=\"https:\/\/trasparenza.cultura.gov.it\/archivio16_procedimenti_0_12145_25_1.html\">link al procedimento<\/a>)<\/li>\n<li><a href=\"http:\/\/soprintendenzaluccaemassacarrara.cultura.gov.it\/wp-content\/uploads\/2023\/04\/ISTANZA_AUTORIZZAZIONE_ART_49_MODELLO_MINISTERIALE.pdf\">richiesta autorizzazione manifesti art. 49<\/a> (<a href=\"https:\/\/trasparenza.cultura.gov.it\/archivio16_procedimenti_0_12107_25_1.html\">link al procedimento<\/a>)<\/li>\n<li><a href=\"http:\/\/soprintendenzaluccaemassacarrara.cultura.gov.it\/wp-content\/uploads\/2023\/04\/COMUNICAZIONE_INTERV_PROVVIS_URGENZA_ART_27.pdf\">comunicazione messa in sicurezza art. 27<\/a><\/li>\n<li><a href=\"http:\/\/soprintendenzaluccaemassacarrara.cultura.gov.it\/wp-content\/uploads\/2023\/04\/ISTANZA_ART_160_SANZIONI_AMMINISTRATIVE.pdf\">istanza per interventi in assenza o in difformita dell&#8217;autorizzazione ai sensi dell&#8217;art. 21<\/a><\/li>\n<li><a href=\"http:\/\/soprintendenzaluccaemassacarrara.cultura.gov.it\/wp-content\/uploads\/2023\/04\/SCHEDA_SINOTTICA_RISCHIO_SISMICO.pdf\">scheda sinottica rischio sismico<\/a><\/li>\n<li><a href=\"http:\/\/soprintendenzaluccaemassacarrara.cultura.gov.it\/wp-content\/uploads\/2023\/04\/ISTANZA_AUTORIZZAZIONE_ART_32.pdf\">intervento conservativo imposto art. 32<\/a> (<a href=\"https:\/\/trasparenza.cultura.gov.it\/archivio16_procedimenti_0_12152_25_1.html\">link al procedimento<\/a>)<\/li>\n<li><a href=\"http:\/\/soprintendenzaluccaemassacarrara.cultura.gov.it\/wp-content\/uploads\/2023\/04\/ISTANZA_AUTORIZZ_SPOSTAM_ART_21_BENI_MOBILI.pdf\">richiesta autorizzazione spostamento beni mobili<\/a><\/li>\n<li><a href=\"http:\/\/soprintendenzaluccaemassacarrara.cultura.gov.it\/wp-content\/uploads\/2023\/04\/ISTANZA_AUTORIZZAZ_PAESAGGISTICA_IN_VIA_SOSTITUTIVA.pdf\">istanza autorizzazione paesaggistica<\/a> (<a href=\"https:\/\/trasparenza.cultura.gov.it\/archivio16_procedimenti_0_12156_25_1.html\">link al procedimento<\/a>)<\/li>\n<\/ul>\n","protected":false},"excerpt":{"rendered":"<p>Autorizzazione per lavori su beni mobili e immobili Il Codice demanda alla Soprintendenza il rilascio dell&#8217;autorizzazione per l&#8217;esecuzione di opere e lavori di qualsiasi genere sui beni culturali (art.<\/p>\n","protected":false},"author":1,"featured_media":0,"parent":27,"menu_order":0,"comment_status":"closed","ping_status":"closed","template":"","meta":{"iawp_total_views":5723,"footnotes":""},"tags":[],"class_list":["post-260","page","type-page","status-publish","hentry"],"_links":{"self":[{"href":"https:\/\/soprintendenzaluccaemassacarrara.cultura.gov.it\/index.php?rest_route=\/wp\/v2\/pages\/260","targetHints":{"allow":["GET"]}}],"collection":[{"href":"https:\/\/soprintendenzaluccaemassacarrara.cultura.gov.it\/index.php?rest_route=\/wp\/v2\/pages"}],"about":[{"href":"https:\/\/soprintendenzaluccaemassacarrara.cultura.gov.it\/index.php?rest_route=\/wp\/v2\/types\/page"}],"author":[{"embeddable":true,"href":"https:\/\/soprintendenzaluccaemassacarrara.cultura.gov.it\/index.php?rest_route=\/wp\/v2\/users\/1"}],"replies":[{"embeddable":true,"href":"https:\/\/soprintendenzaluccaemassacarrara.cultura.gov.it\/index.php?rest_route=%2Fwp%2Fv2%2Fcomments&post=260"}],"version-history":[{"count":18,"href":"https:\/\/soprintendenzaluccaemassacarrara.cultura.gov.it\/index.php?rest_route=\/wp\/v2\/pages\/260\/revisions"}],"predecessor-version":[{"id":1597,"href":"https:\/\/soprintendenzaluccaemassacarrara.cultura.gov.it\/index.php?rest_route=\/wp\/v2\/pages\/260\/revisions\/1597"}],"up":[{"embeddable":true,"href":"https:\/\/soprintendenzaluccaemassacarrara.cultura.gov.it\/index.php?rest_route=\/wp\/v2\/pages\/27"}],"wp:attachment":[{"href":"https:\/\/soprintendenzaluccaemassacarrara.cultura.gov.it\/index.php?rest_route=%2Fwp%2Fv2%2Fmedia&parent=260"}],"wp:term":[{"taxonomy":"post_tag","embeddable":true,"href":"https:\/\/soprintendenzaluccaemassacarrara.cultura.gov.it\/index.php?rest_route=%2Fwp%2Fv2%2Ftags&post=260"}],"curies":[{"name":"wp","href":"https:\/\/api.w.org\/{rel}","templated":true}]}}