{"id":287,"date":"2022-03-29T15:16:04","date_gmt":"2022-03-29T13:16:04","guid":{"rendered":"http:\/\/soprintendenzaluccaemassacarrara.cultura.gov.it\/?page_id=287"},"modified":"2023-11-21T16:26:43","modified_gmt":"2023-11-21T15:26:43","slug":"accesso-agli-atti","status":"publish","type":"page","link":"https:\/\/soprintendenzaluccaemassacarrara.cultura.gov.it\/?page_id=287","title":{"rendered":"Accesso agli atti e d&#8217;archivio"},"content":{"rendered":"<h4>ACCESSO AGLI ATTI\u00a0&#8211; \u00a0AI DOCUMENTI D&#8217;ARCHIVIO\u00a0(o accesso documentale)<\/h4>\n<p>La\u00a0<a href=\"http:\/\/www.normattiva.it\/uri-res\/N2Ls?urn:nir:stato:legge:1990-08-07;241!vig=2022-04-01\">L. 241\/1990<\/a> e successive modifiche e integrazioni regolamenta la\u00a0possibilit\u00e0, da parte del cittadino, di presentare richiesta di accesso ad atti: obiettivo della normativa \u00e8 la partecipazione del cittadino all&#8217;attivit\u00e0 della Pubblica Amministrazione (d&#8217;ora in avanti P.A.), assicurare la\u00a0trasparenza del suo operato, avvalorare\u00a0lo svolgimento imparziale della stessa mediante il riconoscimento del cittadino di trovare adeguata tutela delle situazioni giuridicamente rilevanti.<\/p>\n<p>L&#8217;Ufficio verificher\u00e0 la regolarit\u00e0 dell&#8217;istanza mediante il\u00a0controllo della legittimit\u00e0 della richiesta: per tale motivo \u00e8 importante che la domanda d&#8217;accesso contenga un&#8217;adeguata MOTIVAZIONE a supporto della stessa. L&#8217;Ufficio , inoltre, verificher\u00e0\u00a0 la presenza di eventuali controinteressati (ai quali verr\u00e0 notificata una comunicazione alla quale questi ultimi potranno opporsi entro dieci giorni) e che\u00a0il documento richiesto non rientri tra quelli per i quali \u00e8 prevista l&#8217;esclusione o il differimento all&#8217;accesso, a norma di legge.<\/p>\n<p>In sostanza l&#8217;accesso documentale intende porre i soggetti interessati in grado di esercitare al meglio le facolt\u00e0 &#8211; partecipative e\/o oppositive &#8211; che l&#8217;ordinamento attribuisce a loro a tutela di posizioni giuridicamente rilevanti di cui sono titolari: il richiedente deve dimostrare di essere titolare di un interesse diretto, concreto , attuale corrispondente ad una situazione giuridicamente tutelata e collegata al documento al quale \u00e8 chiesto l&#8217;accesso.<\/p>\n<p><a href=\"http:\/\/soprintendenzaluccaemassacarrara.cultura.gov.it\/wp-content\/uploads\/2023\/04\/ISTANZA_ACCESSO_ATTI_241_1990.pdf\">accesso agli atti <\/a><\/p>\n<p><a href=\"https:\/\/trasparenza.cultura.gov.it\/archivio16_procedimenti_0_12101_22_1.html\">(link al procedimento<\/a>)<\/p>\n<p>&nbsp;<\/p>\n<p>&nbsp;<\/p>\n<h4>ACCESSO CIVICO SEMPLICE (ai documenti oggetto di obbligo di pubblicazione)<\/h4>\n<p>ex <a href=\"http:\/\/www.normattiva.it\/uri-res\/N2Ls?urn:nir:stato:decreto.legislativo:2013-03-14;33!vig=2022-03-29\">D.Lgs. 33\/2013, art. 5, comma 1<\/a><\/p>\n<p>Il diritto d&#8217;accesso civico semplice riguarda la possibilit\u00e0 di accedere a documenti, informazioni e dati oggetto di pubblicazione obbligatoria. Pu\u00f2 essere esercitato da chiunque, in caso di mancata pubblicazione degli stessi da parte dell&#8217;Ufficio.<\/p>\n<p>Il modulo, sottoscritto dal richiedente , pu\u00f2 essere inviato via PEC o, in alternativa, per \u00a0posta elettronica semplice o, in alternativa, consegnato a mano all&#8217;Ufficio Protocollo della Soprintendenza.<\/p>\n<p>La\u00a0richiesta non deve essere motivata ed \u00e8 gratuita.<\/p>\n<p>L&#8217;Ufficio deve comunque\u00a0valutare i diversi interessi in gioco: a titolo esemplificativo,\u00a0la natura dei dati personali oggetto della richiesta contenuti nei documenti ai quali si chiede di accedere, nonch\u00e9 il ruolo ricoperto nella vita pubblica dalla persona cui si riferiscono i predetti dati. (<a href=\"https:\/\/www.anticorruzione.it\/-\/determinazione-n.-1309-del-28\/12\/2016-rif.-1?inheritRedirect=true&amp;redirect=%2Fconsulta-i-documenti%3Fq%3D%2522Determinazione%2520n.%25201309%2522%26sort%3Dddm__Dataclu0_String_sortable-\">linee guida ANAC in materia di accesso civico, par. 8.1<\/a>).<\/p>\n<p>La comunicazione della richiesta di accesso civico al soggetto controinteressato ha, infatti, la funzione di consentire a quest&#8217;ultimo di intervenire eventualmente nel procedimento, presentando motivata opposizione.<\/p>\n<p>L&#8217;accesso al documento si espleta mediante la pubblicazione, sul sito dell&#8217;Ufficio, dell&#8217;atto per il quale\u00a0\u00e8 stata prodotta richiesta di accesso civico.<\/p>\n<p><a href=\"http:\/\/soprintendenzaluccaemassacarrara.cultura.gov.it\/wp-content\/uploads\/2023\/04\/ISTANZA_ACCESSO_CIVICO_SEMPLICE.pdf\">accesso civico semplice<\/a><\/p>\n<p>&nbsp;<\/p>\n<h4>ACCESSO CIVICO GENERALIZZATO AI DATI E AI DOCUMENTI (c.d. FOIA)<\/h4>\n<p>L\u2019istituto dell\u2019accesso civico generalizzato disciplinato dall\u2019art. 5, comma 2, del decreto legislativo n. 33\/2013 come modificato dall\u2019art. 6 del d.lgs. n. 97\/2016\u201d, ha ad oggetto dati e documenti detenuti dalle pubbliche amministrazioni \u201culteriori rispetto a quelli oggetto di pubblicazione\u201d ai sensi del d.lgs. n. 33 del 2013. Con il diritto di accesso generalizzato, in un\u2019ottica completamente diversa rispetto a quella che ispira la legge n. 241 del 1990, l\u2019ordinamento vuole favorire \u201cforme diffuse di controllo sul perseguimento delle funzioni istituzionali e sull\u2019utilizzo delle risorse pubbliche\u201d e \u201cpromuovere la partecipazione al dibattito pubblico\u201d.<\/p>\n<p>La legittimazione \u00e8 riconosciuta a \u201cchiunque\u201d, a prescindere da un particolare requisito di qualificazione.\u00a0 Non \u00e8 necessaria la motivazione.<\/p>\n<p><strong>Limiti assoluti <\/strong><\/p>\n<p>Il diritto di accesso civico generalizzato \u00e8 escluso nelle ipotesi indicate dal comma 3 dell\u2019art. 5-bis D.lgs. n. 33\/2013 come modificato dall\u2019art. 6 del d.lgs. n. 92\/2016, ovvero \u00a0nei casi di segreto di Stato e negli altri casi di divieti di accesso o divulgazione previsti dalla legge, ivi compresi i casi in cui l&#8217;accesso \u00e8 subordinato dalla disciplina vigente al rispetto di specifiche condizioni, modalit\u00e0 o limiti, inclusi quelli di cui all&#8217;<a href=\"https:\/\/www.bosettiegatti.eu\/info\/norme\/statali\/1990_0241.htm#24\">articolo 24, comma 1, della legge n. 241 del 1990<\/a>.<\/p>\n<p><strong>Limiti relativi<\/strong><\/p>\n<p>L\u2019art. 5-bis. co. 1, del richiamato decreto legislativo, prevede che detto accesso deve essere rifiutato se il diniego \u00e8 necessario per evitare un \u201cpregiudizio concreto\u201d alla tutela di uno dei seguenti interessi pubblici: allorquando cio\u00e8 il diritto a conoscere possa pregiudicare la sicurezza pubblica e l\u2019ordine pubblico, la sicurezza nazionale, la difesa e le questioni militari, le relazioni internazionali, la politica e la stabilit\u00e0 finanziaria ed economica dello Stato, la conduzione di indagini sui reati e il loro perseguimento, il regolare svolgimento di attivit\u00e0 ispettive.<\/p>\n<p>Ancora, ai sensi dell\u2019art. 5- bis, co. 2, l\u2019accesso generalizzato deve essere negato se ci\u00f2 risulti\u00a0<strong>necessario per evitare un \u201cpregiudizio concreto\u201d alla tutela di uno dei seguenti interessi privati:<\/strong>\u00a0la protezione dei dati personali, in conformit\u00e0 con la disciplina legislativa in materia, la libert\u00e0 e la segretezza della corrispondenza e gli interessi economici e commerciali di una persona fisica o giuridica, ivi compresi la propriet\u00e0 intellettuale, il diritto d\u2019autore e i segreti commerciali.<\/p>\n<p><strong>Condizioni procedurali di ammissibilit\u00e0<\/strong><\/p>\n<ul>\n<li><u>Indicazione dell\u2019oggetto della richiesta<\/u>. La richiesta deve consentire all\u2019amministrazione di individuare il dato, il documento o l\u2019informazione. <strong>Sono pertanto ritenute inammissibili richieste generiche o meramente esplorative.<\/strong><\/li>\n<li><u>Richieste di contenuti gi\u00e0 disponibili senza alcuna elaborazione<\/u>. Poich\u00e9 la richiesta di accesso civico generalizzato riguarda i dati e i documenti detenuti dalle pubbliche amministrazioni (<a href=\"http:\/\/www.normattiva.it\/uri-res\/N2Ls?urn:nir:stato:decreto.legislativo:2013-03-14;33!vig=2022-04-01\"> 5 D.Lgs. n. 33\/2013<\/a>), resta escluso che \u2013 per rispondere a tale richiesta \u2013 l\u2019amministrazione sia tenuta a formare o raccogliere o altrimenti procurarsi informazioni che non siano gi\u00e0 in suo possesso. Pertanto, l\u2019amministrazione non ha l\u2019obbligo di rielaborare i dati ai fini dell\u2019accesso generalizzato, ma solo a consentire l\u2019accesso ai documenti nei quali siano contenute le informazioni gi\u00e0 detenute e gestite dall\u2019amministrazione stessa.<\/li>\n<li><u>Richieste non massive<\/u>. Nel caso di richiesta relativa a un numero evidentemente irragionevole di documenti, tale da imporre un carico di lavoro in grado di compromettere il buon funzionamento dell\u2019amministrazione, la stessa pu\u00f2 ponderare, da un lato, l\u2019interesse all\u2019eccesso ai documenti, dall\u2019altro, l\u2019interesse al buon andamento dell\u2019attivit\u00e0 amministrativa sancito dall\u2019art. 97 Cost. (cfr. la giurisprudenza europea, Tribunale Prima Sezione ampliata 13 aprile 2005 causa T 2\/03).<\/li>\n<\/ul>\n<p><strong>Costi<\/strong><\/p>\n<p>Il rilascio dei dati da parte dell&#8217;amministrazione \u00e8 gratuito, salvo eventuali costi per la riproduzione degli stessi su supporti materiali.<\/p>\n<p><strong>Modalit\u00e0 di presentazione della richiesta<\/strong><\/p>\n<p>Il modulo, sottoscritto dal richiedente e accompagnato da copia di un documenti di identit\u00e0, pu\u00f2 essere inviato via PEC (sabap-lu@pec.cultura.gov.it) o, in alternativa, per \u00a0posta elettronica semplice (sabap-lu@cultura.gov.it) o, in alternativa, consegnato a mano all&#8217;Ufficio Protocollo della Soprintendenza.<\/p>\n<p><a href=\"http:\/\/soprintendenzaluccaemassacarrara.cultura.gov.it\/wp-content\/uploads\/2023\/04\/ISTANZA_ACCESSO_CIVICO_GENERALIZZATO.pdf\">accesso civico generalizzato<\/a><\/p>\n<p><strong>Il procedimento di riesame<\/strong><\/p>\n<p><strong>\u00a0<\/strong>Ai sensi dell\u2019<a href=\"http:\/\/www.normattiva.it\/uri-res\/N2Ls?urn:nir:stato:decreto.legislativo:2013-03-14;33!vig=2022-04-01\">art. 5, c. 7, d.lgs. n. 33\/2013<\/a>, nei casi di diniego totale o parziale dell\u2019accesso o di mancata risposta entro il termine, il richiedente pu\u00f2 presentare richiesta di riesame al responsabile della prevenzione della corruzione e della trasparenza. Il responsabile della prevenzione della corruzione e della trasparenza decide con provvedimento motivato entro il termine di venti giorni.<\/p>\n<p><a href=\"https:\/\/www.beniculturali.it\/accesso-civico-generalizzato-concernente-dati-e-documenti-ulteriori\"><u>Scarica il modulo di richiesta riesame accesso civico generalizzato<\/u><\/a><\/p>\n<p>Avverso la decisione dell&#8217;Amministrazione competente o, in caso di richiesta di riesame, avverso quella del responsabile della prevenzione della corruzione e della trasparenza, il richiedente pu\u00f2 proporre ricorso al TAR ai sensi dell&#8217;art. 116 del codice del processo amministrativo di cui al <a href=\"https:\/\/www.normattiva.it\/uri-res\/N2Ls?urn:nir:stato:decreto.legislativo:2010-07-02;104\">D.lgs. n. 104\/2010<\/a>.<\/p>\n<p><strong>Sezione di approfondimento:<\/strong><\/p>\n<ul>\n<li><strong> <a href=\"https:\/\/www.normattiva.it\/uri-res\/N2Ls?urn:nir:stato:decreto.legislativo:2013-03-14;33!vig=2023-05-24\">D.Lgs n. 33\/2013<\/a><\/strong><\/li>\n<li><a href=\"https:\/\/www.funzionepubblica.gov.it\/articolo\/dipartimento\/01-06-2017\/circolare-n-2-2017-attuazione-delle-norme-sull%E2%80%99accesso-civico\">Circolare DFP 2\/2017<\/a>\u00a0 &#8211;\u00a0\u00a0 <a href=\"https:\/\/foia.gov.it\/normativa\/circolare-foia-n1\/2019\">1\/2019<\/a><\/li>\n<li><a href=\"http:\/\/soprintendenzaluccaemassacarrara.cultura.gov.it\/wp-content\/uploads\/2023\/05\/Delibera-ANAC-n.-1309-del-2016.pdf\">Delibera ANAC n. 1309 del 2016<\/a><\/li>\n<\/ul>\n<p>&nbsp;<\/p>\n<p><em><strong>help desk: dott.ssa Mariafrancesca Cataldo (mariafrancesca.cataldo@cultura.gov.it &#8211; 0583\/416526)<\/strong><\/em><\/p>\n<ul>\n<li><a href=\"https:\/\/trasparenza.cultura.gov.it\/contenuto89_registro-degli-accessi_770.html\">registro degli accessi<\/a><\/li>\n<\/ul>\n<h4>ARCHIVIO STORICO<\/h4>\n<p>L&#8217;archivio storico della Soprintendenza non \u00e8 ancora accessibile al pubblico, tuttavia \u00e8 possibile consultarne relativa documentazione architettonica, storico-artistica, archeologica e fotografica, compilando ed inviando il modulo per PEC, o per posta posta elettronica semplice, o tramite consegna a mano; infine concordando con il personale tempistiche e modalit\u00e0 di consultazione.<\/p>\n<ul>\n<li><a href=\"http:\/\/soprintendenzaluccaemassacarrara.cultura.gov.it\/wp-content\/uploads\/2023\/04\/ISTANZA_ACCESSO_ARCHIVI_SABAP.pdf\">accesso archivio<\/a><\/li>\n<li><a href=\"http:\/\/soprintendenzaluccaemassacarrara.cultura.gov.it\/wp-content\/uploads\/2023\/04\/ISTANZA_RIPRODUZIONE_IMMAGINI_VIDEO.pdf\">richiesta utilizzo immagini\/video di beni culturali<\/a><\/li>\n<\/ul>\n","protected":false},"excerpt":{"rendered":"<p>ACCESSO AGLI ATTI\u00a0&#8211; \u00a0AI DOCUMENTI D&#8217;ARCHIVIO\u00a0(o accesso documentale) La\u00a0L.<\/p>\n","protected":false},"author":1,"featured_media":0,"parent":27,"menu_order":0,"comment_status":"closed","ping_status":"closed","template":"","meta":{"iawp_total_views":1359,"footnotes":""},"tags":[],"class_list":["post-287","page","type-page","status-publish","hentry"],"_links":{"self":[{"href":"https:\/\/soprintendenzaluccaemassacarrara.cultura.gov.it\/index.php?rest_route=\/wp\/v2\/pages\/287","targetHints":{"allow":["GET"]}}],"collection":[{"href":"https:\/\/soprintendenzaluccaemassacarrara.cultura.gov.it\/index.php?rest_route=\/wp\/v2\/pages"}],"about":[{"href":"https:\/\/soprintendenzaluccaemassacarrara.cultura.gov.it\/index.php?rest_route=\/wp\/v2\/types\/page"}],"author":[{"embeddable":true,"href":"https:\/\/soprintendenzaluccaemassacarrara.cultura.gov.it\/index.php?rest_route=\/wp\/v2\/users\/1"}],"replies":[{"embeddable":true,"href":"https:\/\/soprintendenzaluccaemassacarrara.cultura.gov.it\/index.php?rest_route=%2Fwp%2Fv2%2Fcomments&post=287"}],"version-history":[{"count":26,"href":"https:\/\/soprintendenzaluccaemassacarrara.cultura.gov.it\/index.php?rest_route=\/wp\/v2\/pages\/287\/revisions"}],"predecessor-version":[{"id":1110,"href":"https:\/\/soprintendenzaluccaemassacarrara.cultura.gov.it\/index.php?rest_route=\/wp\/v2\/pages\/287\/revisions\/1110"}],"up":[{"embeddable":true,"href":"https:\/\/soprintendenzaluccaemassacarrara.cultura.gov.it\/index.php?rest_route=\/wp\/v2\/pages\/27"}],"wp:attachment":[{"href":"https:\/\/soprintendenzaluccaemassacarrara.cultura.gov.it\/index.php?rest_route=%2Fwp%2Fv2%2Fmedia&parent=287"}],"wp:term":[{"taxonomy":"post_tag","embeddable":true,"href":"https:\/\/soprintendenzaluccaemassacarrara.cultura.gov.it\/index.php?rest_route=%2Fwp%2Fv2%2Ftags&post=287"}],"curies":[{"name":"wp","href":"https:\/\/api.w.org\/{rel}","templated":true}]}}