{"id":394,"date":"2022-04-22T14:47:45","date_gmt":"2022-04-22T12:47:45","guid":{"rendered":"http:\/\/soprintendenzaluccaemassacarrara.cultura.gov.it\/?page_id=394"},"modified":"2025-08-08T13:56:26","modified_gmt":"2025-08-08T11:56:26","slug":"archeologia","status":"publish","type":"page","link":"https:\/\/soprintendenzaluccaemassacarrara.cultura.gov.it\/?page_id=394","title":{"rendered":"Archeologia"},"content":{"rendered":"<p>&nbsp;<\/p>\n<p><img loading=\"lazy\" decoding=\"async\" class=\"alignnone wp-image-344 size-full\" src=\"http:\/\/soprintendenzaluccaemassacarrara.cultura.gov.it\/wp-content\/uploads\/2022\/04\/testa-di-statua-stele-da-Monte-Galletto_Pontremoli.jpg\" alt=\"\" width=\"768\" height=\"528\" srcset=\"https:\/\/soprintendenzaluccaemassacarrara.cultura.gov.it\/wp-content\/uploads\/2022\/04\/testa-di-statua-stele-da-Monte-Galletto_Pontremoli.jpg 768w, https:\/\/soprintendenzaluccaemassacarrara.cultura.gov.it\/wp-content\/uploads\/2022\/04\/testa-di-statua-stele-da-Monte-Galletto_Pontremoli-300x206.jpg 300w\" sizes=\"auto, (max-width: 768px) 100vw, 768px\" \/><\/p>\n<p>I cantieri in corso d\u2019opera di ambito <strong>archeologico<\/strong> seguiti dalla <em>Soprintendenza Archeologia Belle Arti e Paesaggio per le province di Lucca, Massa Carrara e Pistoia<\/em> sono i seguenti:<\/p>\n<ul>\n<li>COMUNE DI LUCCA \u2013 LOC. ANTRACCOLI &#8211; Sarcofago di piombo del IV sec. d.C. &#8211; <em>Restauro, studio e valorizzazione; conclusa la prima fase di progettazione inerente il consolidamento e le analisi chimiche e antropologiche, \u00e8 attualmente in corso l\u2019esecuzione del progetto di valorizzazione e la pubblicazione dei dati.<\/em><\/li>\n<li>COMUNE DI CAPANNORI \u2013 LOC. ROGIO-FRIZZONE &#8211; Nel corso delle operazioni di archeologia preventiva \u00e8 stata rilevata la presenza di reperti di ambito archeologico risalenti al VII-VI sec. a.C. \u2013 l&#8217;intervento prevede il <em>restauro, lo studio e la valorizzazione del materiale recuperato \u2013 conclusa la fase di rimontaggio e restauro dei materiali, in corso lo studio e la progettazione della mostra temporanea<\/em><\/li>\n<li>COMUNI DI CAPANNORI E PORCARI \u2013 LOC. FRIZZONE \u2013 100 FATTORIE. Il sito archeologico di epoca romana \u00e8 attualmente sottoposto ad un importante intervento di <em>manutenzione, pulitura e sistemazione delle strutture archeologiche accessibili per la visita \u2013 in corso il recupero, la revisione e l\u2019inventariazione dei materiali archeologici<\/em><\/li>\n<li>COMUNE DI MASSAROSA \u2013 LOC. MASSACIUCCOLI VILLA ROMANA. Presso il sito archeologico \u00e8 attualmente in corso un i<em>ntervento urgente di manutenzione e restauro delle strutture archeologiche \u2013 in fase di affidamento gli incarichi per la manutenzione e la relativa assistenza archeologica<br \/>\n<\/em><\/li>\n<li>COMUNI DELLA LUNIGIANA \u2013 Nell&#8217;area di rinvenimento delle statue stele sta proseguendo l&#8217;<em>indagine di verifica del potenziale archeologico in vari siti \u2013 in particolare sta per iniziare lo scavo archeologico in comune di Mulazzo, loc. Canossa.<\/em><\/li>\n<li>COMUNE DI AULLA \u2013 Nell&#8217;Abbazia di San Caprasio \u00e8 in via di conclusione la <em>ripulitura, il recupero e il consolidamento dei livelli e delle strutture emerse con gli scavi archeologici all\u2019interno della Chiesa e danneggiati dall\u2019alluvione del 2011<br \/>\n<\/em><\/li>\n<li>COMUNE DI BAGNI DI LUCCA &#8211; Sono iniziati i lavori di pulizia e sfalcio per preparare l&#8217;area all&#8217;intervento di restauro della Rocca di Lucchio. La Rocca rimarr\u00e0 inaccessibile per qualche tempo, ma gi\u00e0 ad agosto, durante i lavori di consolidamento eseguiti in fune, la Soprintendenza organizzar\u00e0 qualche visita per permettere di assistere a questa singolare e suggestiva tecnica di intervento, grazie alla collaborazione del Comune di Bagni di Lucca e della ditta incaricata, Formento Restauri.<\/li>\n<\/ul>\n","protected":false},"excerpt":{"rendered":"<p>&nbsp; I cantieri in corso d\u2019opera di ambito archeologico seguiti dalla Soprintendenza Archeologia Belle Arti e Paesaggio per le province di Lucca, Massa Carrara e Pistoia sono i seguenti: COMUNE DI LUCCA \u2013 LOC.<\/p>\n","protected":false},"author":1,"featured_media":0,"parent":30,"menu_order":0,"comment_status":"closed","ping_status":"closed","template":"","meta":{"iawp_total_views":338,"footnotes":""},"tags":[],"class_list":["post-394","page","type-page","status-publish","hentry"],"_links":{"self":[{"href":"https:\/\/soprintendenzaluccaemassacarrara.cultura.gov.it\/index.php?rest_route=\/wp\/v2\/pages\/394","targetHints":{"allow":["GET"]}}],"collection":[{"href":"https:\/\/soprintendenzaluccaemassacarrara.cultura.gov.it\/index.php?rest_route=\/wp\/v2\/pages"}],"about":[{"href":"https:\/\/soprintendenzaluccaemassacarrara.cultura.gov.it\/index.php?rest_route=\/wp\/v2\/types\/page"}],"author":[{"embeddable":true,"href":"https:\/\/soprintendenzaluccaemassacarrara.cultura.gov.it\/index.php?rest_route=\/wp\/v2\/users\/1"}],"replies":[{"embeddable":true,"href":"https:\/\/soprintendenzaluccaemassacarrara.cultura.gov.it\/index.php?rest_route=%2Fwp%2Fv2%2Fcomments&post=394"}],"version-history":[{"count":13,"href":"https:\/\/soprintendenzaluccaemassacarrara.cultura.gov.it\/index.php?rest_route=\/wp\/v2\/pages\/394\/revisions"}],"predecessor-version":[{"id":1586,"href":"https:\/\/soprintendenzaluccaemassacarrara.cultura.gov.it\/index.php?rest_route=\/wp\/v2\/pages\/394\/revisions\/1586"}],"up":[{"embeddable":true,"href":"https:\/\/soprintendenzaluccaemassacarrara.cultura.gov.it\/index.php?rest_route=\/wp\/v2\/pages\/30"}],"wp:attachment":[{"href":"https:\/\/soprintendenzaluccaemassacarrara.cultura.gov.it\/index.php?rest_route=%2Fwp%2Fv2%2Fmedia&parent=394"}],"wp:term":[{"taxonomy":"post_tag","embeddable":true,"href":"https:\/\/soprintendenzaluccaemassacarrara.cultura.gov.it\/index.php?rest_route=%2Fwp%2Fv2%2Ftags&post=394"}],"curies":[{"name":"wp","href":"https:\/\/api.w.org\/{rel}","templated":true}]}}